{"id":39109,"date":"2023-12-20T21:16:44","date_gmt":"2023-12-20T21:16:44","guid":{"rendered":"https:\/\/www.all4integrity.org\/internal-whistleblowing-channel\/"},"modified":"2024-12-16T11:36:13","modified_gmt":"2024-12-16T11:36:13","slug":"internal-whistleblowing-channel","status":"publish","type":"page","link":"https:\/\/www.all4integrity.org\/en\/internal-whistleblowing-channel\/","title":{"rendered":"Internal Whistleblowing Channel"},"content":{"rendered":"\t\t<div data-elementor-type=\"wp-page\" data-elementor-id=\"39109\" class=\"elementor elementor-39109 elementor-35059\">\n\t\t\t\t\t\t<section class=\"elementor-section elementor-top-section elementor-element elementor-element-4017222 elementor-section-full_width scheme_dark elementor-section-height-default elementor-section-height-default sc_fly_static\" data-id=\"4017222\" data-element_type=\"section\" data-settings=\"{&quot;background_background&quot;:&quot;classic&quot;}\">\n\t\t\t\t\t\t\t<div class=\"elementor-background-overlay\"><\/div>\n\t\t\t\t\t\t\t<div class=\"elementor-container elementor-column-gap-extended\">\n\t\t\t\t\t<div class=\"elementor-column elementor-col-100 elementor-top-column elementor-element elementor-element-53f3977 sc_inner_width_none sc_content_align_inherit sc_layouts_column_icons_position_left sc_fly_static\" data-id=\"53f3977\" data-element_type=\"column\">\n\t\t\t<div class=\"elementor-widget-wrap elementor-element-populated\">\n\t\t\t\t\t\t<div class=\"elementor-element elementor-element-451b79d sc_fly_static elementor-widget elementor-widget-spacer\" data-id=\"451b79d\" data-element_type=\"widget\" data-widget_type=\"spacer.default\">\n\t\t\t\t<div class=\"elementor-widget-container\">\n\t\t\t\t\t\t\t<div class=\"elementor-spacer\">\n\t\t\t<div class=\"elementor-spacer-inner\"><\/div>\n\t\t<\/div>\n\t\t\t\t\t\t<\/div>\n\t\t\t\t<\/div>\n\t\t\t\t<section class=\"elementor-section elementor-inner-section elementor-element elementor-element-39a3d68 elementor-section-boxed elementor-section-height-default elementor-section-height-default sc_fly_static\" data-id=\"39a3d68\" data-element_type=\"section\">\n\t\t\t\t\t\t<div class=\"elementor-container elementor-column-gap-extended\">\n\t\t\t\t\t<div class=\"elementor-column elementor-col-16 elementor-inner-column elementor-element elementor-element-e2db00e sc_inner_width_none sc_content_align_inherit sc_layouts_column_icons_position_left sc_fly_static\" data-id=\"e2db00e\" data-element_type=\"column\">\n\t\t\t<div class=\"elementor-widget-wrap\">\n\t\t\t\t\t\t\t<\/div>\n\t\t<\/div>\n\t\t\t\t<div class=\"elementor-column elementor-col-66 elementor-inner-column elementor-element elementor-element-6faa6a0 sc_inner_width_none sc_content_align_inherit sc_layouts_column_icons_position_left sc_fly_static\" data-id=\"6faa6a0\" data-element_type=\"column\">\n\t\t\t<div class=\"elementor-widget-wrap elementor-element-populated\">\n\t\t\t\t\t\t<div class=\"elementor-element elementor-element-c10d00d sc_fly_static elementor-widget elementor-widget-trx_sc_title\" data-id=\"c10d00d\" data-element_type=\"widget\" data-widget_type=\"trx_sc_title.default\">\n\t\t\t\t<div class=\"elementor-widget-container\">\n\t\t\t\t\t<div\t\tclass=\"sc_title color_style_dark sc_title_default\" ><span class=\"sc_item_subtitle sc_title_subtitle sc_align_center sc_item_subtitle_above sc_item_title_style_default\">mais transparente<\/span><h2 class=\"sc_item_title sc_title_title sc_align_center sc_item_title_style_default sc_item_title_tag\"\n\t\t\t><span class=\"sc_item_title_text\">Internal Whistleblowing Channel<\/span><\/h2><\/div>\t\t\t\t<\/div>\n\t\t\t\t<\/div>\n\t\t\t\t\t<\/div>\n\t\t<\/div>\n\t\t\t\t<div class=\"elementor-column elementor-col-16 elementor-inner-column elementor-element elementor-element-7c0aaee sc_inner_width_none sc_content_align_inherit sc_layouts_column_icons_position_left sc_fly_static\" data-id=\"7c0aaee\" data-element_type=\"column\">\n\t\t\t<div class=\"elementor-widget-wrap\">\n\t\t\t\t\t\t\t<\/div>\n\t\t<\/div>\n\t\t\t\t\t<\/div>\n\t\t<\/section>\n\t\t\t\t<div class=\"elementor-element elementor-element-6c22fbb sc_fly_static elementor-widget elementor-widget-spacer\" data-id=\"6c22fbb\" data-element_type=\"widget\" data-widget_type=\"spacer.default\">\n\t\t\t\t<div class=\"elementor-widget-container\">\n\t\t\t\t\t\t\t<div class=\"elementor-spacer\">\n\t\t\t<div class=\"elementor-spacer-inner\"><\/div>\n\t\t<\/div>\n\t\t\t\t\t\t<\/div>\n\t\t\t\t<\/div>\n\t\t\t\t\t<\/div>\n\t\t<\/div>\n\t\t\t\t\t<\/div>\n\t\t<\/section>\n\t\t\t\t<section class=\"elementor-section elementor-top-section elementor-element elementor-element-49686de elementor-section-height-min-height elementor-section-content-top elementor-section-items-top elementor-section-boxed elementor-section-height-default sc_fly_static\" data-id=\"49686de\" data-element_type=\"section\">\n\t\t\t\t\t\t<div class=\"elementor-container elementor-column-gap-extended\">\n\t\t\t\t\t<div class=\"elementor-column elementor-col-100 elementor-top-column elementor-element elementor-element-f1dbf11 sc_layouts_column_align_center sc_layouts_column sc_inner_width_none sc_content_align_inherit sc_layouts_column_icons_position_left sc_fly_static\" data-id=\"f1dbf11\" data-element_type=\"column\">\n\t\t\t<div class=\"elementor-widget-wrap elementor-element-populated\">\n\t\t\t\t\t\t<div class=\"elementor-element elementor-element-b5f1be0 elementor-view-default sc_fly_static elementor-widget elementor-widget-icon\" data-id=\"b5f1be0\" data-element_type=\"widget\" data-widget_type=\"icon.default\">\n\t\t\t\t<div class=\"elementor-widget-container\">\n\t\t\t\t\t\t\t<div class=\"elementor-icon-wrapper\">\n\t\t\t<a class=\"elementor-icon\" href=\"#anchor\">\n\t\t\t<svg xmlns=\"http:\/\/www.w3.org\/2000\/svg\" width=\"14.626\" height=\"8.639\" viewBox=\"0 0 14.626 8.639\"><g id=\"down-arrow\" transform=\"translate(0 -70.698)\"><g id=\"Group_8820\" data-name=\"Group 8820\" transform=\"translate(0 100.698)\"><path id=\"Path_6507\" data-name=\"Path 6507\" d=\"M14.392,101.42l-.479-.482a.8.8,0,0,0-1.132,0L7.316,106.4l-5.472-5.472a.8.8,0,0,0-1.132,0l-.479.479a.8.8,0,0,0,0,1.131l6.515,6.538a.818.818,0,0,0,.567.257h0a.818.818,0,0,0,.566-.257l6.508-6.52a.808.808,0,0,0,.234-.571A.8.8,0,0,0,14.392,101.42Z\" transform=\"translate(0 -130.698)\"><\/path><\/g><\/g><\/svg>\t\t\t<\/a>\n\t\t<\/div>\n\t\t\t\t\t\t<\/div>\n\t\t\t\t<\/div>\n\t\t\t\t\t<\/div>\n\t\t<\/div>\n\t\t\t\t\t<\/div>\n\t\t<\/section>\n\t\t\t\t<section class=\"elementor-section elementor-top-section elementor-element elementor-element-84e99b9 elementor-section-boxed elementor-section-height-default elementor-section-height-default sc_fly_static\" data-id=\"84e99b9\" data-element_type=\"section\">\n\t\t\t\t\t\t<div class=\"elementor-container elementor-column-gap-extended\">\n\t\t\t\t\t<div class=\"elementor-column elementor-col-100 elementor-top-column elementor-element elementor-element-71cc574 sc_inner_width_2_3 sc_content_align_center sc_layouts_column_icons_position_left sc_fly_static\" data-id=\"71cc574\" data-element_type=\"column\">\n\t\t\t<div class=\"elementor-widget-wrap elementor-element-populated\">\n\t\t\t\t\t\t<div class=\"elementor-element elementor-element-e13d0f7 sc_height_huge sc_fly_static elementor-widget elementor-widget-spacer\" data-id=\"e13d0f7\" data-element_type=\"widget\" data-widget_type=\"spacer.default\">\n\t\t\t\t<div class=\"elementor-widget-container\">\n\t\t\t\t\t\t\t<div class=\"elementor-spacer\">\n\t\t\t<div class=\"elementor-spacer-inner\"><\/div>\n\t\t<\/div>\n\t\t\t\t\t\t<\/div>\n\t\t\t\t<\/div>\n\t\t\t\t<div class=\"elementor-element elementor-element-0e1e7c3 sc_fly_static elementor-widget elementor-widget-heading\" data-id=\"0e1e7c3\" data-element_type=\"widget\" data-widget_type=\"heading.default\">\n\t\t\t\t<div class=\"elementor-widget-container\">\n\t\t\t\t\t<h3 class=\"elementor-heading-title elementor-size-xl\">What is it?<\/h3>\t\t\t\t<\/div>\n\t\t\t\t<\/div>\n\t\t\t\t<div class=\"elementor-element elementor-element-750f17e sc_height_tiny sc_fly_static elementor-widget elementor-widget-spacer\" data-id=\"750f17e\" data-element_type=\"widget\" data-widget_type=\"spacer.default\">\n\t\t\t\t<div class=\"elementor-widget-container\">\n\t\t\t\t\t\t\t<div class=\"elementor-spacer\">\n\t\t\t<div class=\"elementor-spacer-inner\"><\/div>\n\t\t<\/div>\n\t\t\t\t\t\t<\/div>\n\t\t\t\t<\/div>\n\t\t\t\t<div class=\"elementor-element elementor-element-483ab55 sc_fly_static elementor-widget elementor-widget-text-editor\" data-id=\"483ab55\" data-element_type=\"widget\" data-widget_type=\"text-editor.default\">\n\t\t\t\t<div class=\"elementor-widget-container\">\n\t\t\t\t\t\t\t\t\t<p>The Internal Whistleblowing Channel is a secure channel that you can use to report any irregularity involving employees of this organization that should be analyzed by a predefined group of experts recruited by the Association. We encourage the use of this channel by anyone, whether or not they have a direct relationship with the organization, including witnesses to acts committed or representatives of those who have witnessed them.<\/p>\n<p>Even though it does not have any employees (50 is the number above which Law 93\/2021 obliges the implementation of an internal whistleblowing channel), the Board of All4Integrity considers that the nature of the Association&#8217;s mission, its intervention in civil society through different programs\/initiatives, and the active collaboration of dozens of volunteers (more than 50), impose the highest possible levels of transparency with which it operates. For the purposes of monitoring the integrity of its employees&#8217; behavior, this internal whistleblowing channel has been set up and made available to everyone.<\/p>\n<p>The menu of grounds for complaint that this channel provides includes infractions that are not explicitly covered by Law 93\/2001 but which, due to their seriousness and prevalence in work environments, the All4Integrity Board has decided to include.<small><\/small><\/p>\n\t\t\t\t\t\t\t\t<\/div>\n\t\t\t\t<\/div>\n\t\t\t\t<div class=\"elementor-element elementor-element-8127edd sc_height_medium sc_fly_static elementor-widget elementor-widget-spacer\" data-id=\"8127edd\" data-element_type=\"widget\" data-widget_type=\"spacer.default\">\n\t\t\t\t<div class=\"elementor-widget-container\">\n\t\t\t\t\t\t\t<div class=\"elementor-spacer\">\n\t\t\t<div class=\"elementor-spacer-inner\"><\/div>\n\t\t<\/div>\n\t\t\t\t\t\t<\/div>\n\t\t\t\t<\/div>\n\t\t\t\t<div class=\"elementor-element elementor-element-112389d sc_fly_static elementor-widget elementor-widget-trx_sc_button\" data-id=\"112389d\" data-element_type=\"widget\" data-widget_type=\"trx_sc_button.default\">\n\t\t\t\t<div class=\"elementor-widget-container\">\n\t\t\t\t\t<div\tclass=\"sc_item_button sc_button_wrap sc_align_center\" ><a href=\"https:\/\/all4integrity.form.maistransparente.com\/\" class=\"sc_button sc_button_default sc_button_size_normal sc_button_icon_left\" target=\"_blank\" ><span class=\"sc_button_text\"><span class=\"sc_button_title\">ACCESS THE INTERNAL WHISTLEBLOWING CHANNEL<\/span><\/span><\/a><\/div>\t\t\t\t<\/div>\n\t\t\t\t<\/div>\n\t\t\t\t<div class=\"elementor-element elementor-element-42c14f8 sc_height_medium sc_fly_static elementor-widget elementor-widget-spacer\" data-id=\"42c14f8\" data-element_type=\"widget\" data-widget_type=\"spacer.default\">\n\t\t\t\t<div class=\"elementor-widget-container\">\n\t\t\t\t\t\t\t<div class=\"elementor-spacer\">\n\t\t\t<div class=\"elementor-spacer-inner\"><\/div>\n\t\t<\/div>\n\t\t\t\t\t\t<\/div>\n\t\t\t\t<\/div>\n\t\t\t\t<div class=\"elementor-element elementor-element-a6d417c sc_fly_static elementor-widget elementor-widget-text-editor\" data-id=\"a6d417c\" data-element_type=\"widget\" data-widget_type=\"text-editor.default\">\n\t\t\t\t<div class=\"elementor-widget-container\">\n\t\t\t\t\t\t\t\t\t<p><small>Note: You can submit your complaint anonymously or share your identity. If you choose to report anonymously, you may be asked to identify yourself during the investigation. The decision is always yours.<\/small><\/p>\n\t\t\t\t\t\t\t\t<\/div>\n\t\t\t\t<\/div>\n\t\t\t\t\t<\/div>\n\t\t<\/div>\n\t\t\t\t\t<\/div>\n\t\t<\/section>\n\t\t\t\t<section class=\"elementor-section elementor-top-section elementor-element elementor-element-6781ca8 elementor-section-boxed elementor-section-height-default elementor-section-height-default sc_fly_static\" data-id=\"6781ca8\" data-element_type=\"section\" data-settings=\"{&quot;background_background&quot;:&quot;classic&quot;}\">\n\t\t\t\t\t\t<div class=\"elementor-container elementor-column-gap-extended\">\n\t\t\t\t\t<div class=\"elementor-column elementor-col-100 elementor-top-column elementor-element elementor-element-a7835c1 sc_content_align_center sc_inner_width_none sc_layouts_column_icons_position_left sc_fly_static\" data-id=\"a7835c1\" data-element_type=\"column\">\n\t\t\t<div class=\"elementor-widget-wrap elementor-element-populated\">\n\t\t\t\t\t\t<div class=\"elementor-element elementor-element-8cee2af sc_fly_static elementor-widget elementor-widget-heading\" data-id=\"8cee2af\" data-element_type=\"widget\" data-widget_type=\"heading.default\">\n\t\t\t\t<div class=\"elementor-widget-container\">\n\t\t\t\t\t<h3 class=\"elementor-heading-title elementor-size-xl\">Regulation of the Internal Whistleblowing Channel<\/h3>\t\t\t\t<\/div>\n\t\t\t\t<\/div>\n\t\t\t\t<div class=\"elementor-element elementor-element-492ad32 sc_height_small sc_fly_static elementor-widget elementor-widget-spacer\" data-id=\"492ad32\" data-element_type=\"widget\" data-widget_type=\"spacer.default\">\n\t\t\t\t<div class=\"elementor-widget-container\">\n\t\t\t\t\t\t\t<div class=\"elementor-spacer\">\n\t\t\t<div class=\"elementor-spacer-inner\"><\/div>\n\t\t<\/div>\n\t\t\t\t\t\t<\/div>\n\t\t\t\t<\/div>\n\t\t\t\t<div class=\"elementor-element elementor-element-6533357 sc_fly_static elementor-widget elementor-widget-trx_sc_button\" data-id=\"6533357\" data-element_type=\"widget\" data-widget_type=\"trx_sc_button.default\">\n\t\t\t\t<div class=\"elementor-widget-container\">\n\t\t\t\t\t<div\tclass=\"sc_item_button sc_button_wrap sc_align_center\" ><a href=\"https:\/\/www.all4integrity.org\/wp-content\/uploads\/2023\/12\/All4i_Regulamento_Canal-Interno-Denuncia_12.15.23.pdf\" class=\"sc_button sc_button_default sc_button_size_normal sc_button_icon_left\" target=\"_blank\" ><span class=\"sc_button_text\"><span class=\"sc_button_title\">regulation (PDF)<\/span><\/span><\/a><\/div>\t\t\t\t<\/div>\n\t\t\t\t<\/div>\n\t\t\t\t\t<\/div>\n\t\t<\/div>\n\t\t\t\t\t<\/div>\n\t\t<\/section>\n\t\t\t\t<\/div>\n\t\t","protected":false},"excerpt":{"rendered":"<p>mais transparente Internal Whistleblowing Channel What is it? The Internal Whistleblowing Channel is a secure&hellip;<\/p>\n","protected":false},"author":2,"featured_media":0,"parent":0,"menu_order":0,"comment_status":"closed","ping_status":"closed","template":"","meta":{"_acf_changed":false,"footnotes":""},"class_list":["post-39109","page","type-page","status-publish","hentry"],"acf":[],"yoast_head":"<!-- This site is optimized with the Yoast SEO plugin v25.5 - https:\/\/yoast.com\/wordpress\/plugins\/seo\/ -->\n<title>Internal Whistleblowing Channel - ALL4INTEGRITY<\/title>\n<meta name=\"robots\" content=\"index, follow, max-snippet:-1, max-image-preview:large, max-video-preview:-1\" \/>\n<link rel=\"canonical\" href=\"https:\/\/www.all4integrity.org\/en\/internal-whistleblowing-channel\/\" \/>\n<meta property=\"og:locale\" content=\"en_US\" \/>\n<meta property=\"og:type\" content=\"article\" \/>\n<meta property=\"og:title\" content=\"Internal Whistleblowing Channel - ALL4INTEGRITY\" \/>\n<meta property=\"og:description\" content=\"mais transparente Internal Whistleblowing Channel What is it? The Internal Whistleblowing Channel is a secure&hellip;\" \/>\n<meta property=\"og:url\" content=\"https:\/\/www.all4integrity.org\/en\/internal-whistleblowing-channel\/\" \/>\n<meta property=\"og:site_name\" content=\"ALL4INTEGRITY\" \/>\n<meta property=\"article:publisher\" content=\"https:\/\/www.facebook.com\/all4integrity\/\" \/>\n<meta property=\"article:modified_time\" content=\"2024-12-16T11:36:13+00:00\" \/>\n<meta name=\"twitter:card\" content=\"summary_large_image\" \/>\n<meta name=\"twitter:site\" content=\"@All4Integrity\" \/>\n<meta name=\"twitter:label1\" content=\"Est. reading time\" \/>\n\t<meta name=\"twitter:data1\" content=\"1 minute\" \/>\n<script type=\"application\/ld+json\" class=\"yoast-schema-graph\">{\"@context\":\"https:\/\/schema.org\",\"@graph\":[{\"@type\":\"WebPage\",\"@id\":\"https:\/\/www.all4integrity.org\/en\/internal-whistleblowing-channel\/\",\"url\":\"https:\/\/www.all4integrity.org\/en\/internal-whistleblowing-channel\/\",\"name\":\"Internal Whistleblowing Channel - ALL4INTEGRITY\",\"isPartOf\":{\"@id\":\"https:\/\/www.all4integrity.org\/en\/#website\"},\"datePublished\":\"2023-12-20T21:16:44+00:00\",\"dateModified\":\"2024-12-16T11:36:13+00:00\",\"breadcrumb\":{\"@id\":\"https:\/\/www.all4integrity.org\/en\/internal-whistleblowing-channel\/#breadcrumb\"},\"inLanguage\":\"en-US\",\"potentialAction\":[{\"@type\":\"ReadAction\",\"target\":[\"https:\/\/www.all4integrity.org\/en\/internal-whistleblowing-channel\/\"]}]},{\"@type\":\"BreadcrumbList\",\"@id\":\"https:\/\/www.all4integrity.org\/en\/internal-whistleblowing-channel\/#breadcrumb\",\"itemListElement\":[{\"@type\":\"ListItem\",\"position\":1,\"name\":\"Home\",\"item\":\"https:\/\/www.all4integrity.org\/en\/\"},{\"@type\":\"ListItem\",\"position\":2,\"name\":\"Internal Whistleblowing Channel\"}]},{\"@type\":\"WebSite\",\"@id\":\"https:\/\/www.all4integrity.org\/en\/#website\",\"url\":\"https:\/\/www.all4integrity.org\/en\/\",\"name\":\"ALL4INTEGRITY\",\"description\":\"Mobiliza\u00e7\u00e3o e Solu\u00e7\u00f5es contra a Corrup\u00e7\u00e3o\",\"publisher\":{\"@id\":\"https:\/\/www.all4integrity.org\/en\/#organization\"},\"potentialAction\":[{\"@type\":\"SearchAction\",\"target\":{\"@type\":\"EntryPoint\",\"urlTemplate\":\"https:\/\/www.all4integrity.org\/en\/?s={search_term_string}\"},\"query-input\":{\"@type\":\"PropertyValueSpecification\",\"valueRequired\":true,\"valueName\":\"search_term_string\"}}],\"inLanguage\":\"en-US\"},{\"@type\":\"Organization\",\"@id\":\"https:\/\/www.all4integrity.org\/en\/#organization\",\"name\":\"All4Integrity\",\"url\":\"https:\/\/www.all4integrity.org\/en\/\",\"logo\":{\"@type\":\"ImageObject\",\"inLanguage\":\"en-US\",\"@id\":\"https:\/\/www.all4integrity.org\/en\/#\/schema\/logo\/image\/\",\"url\":\"https:\/\/all4integrity.org\/wp-content\/uploads\/2022\/05\/logotipo-all4integrity-1.png\",\"contentUrl\":\"https:\/\/all4integrity.org\/wp-content\/uploads\/2022\/05\/logotipo-all4integrity-1.png\",\"width\":600,\"height\":137,\"caption\":\"All4Integrity\"},\"image\":{\"@id\":\"https:\/\/www.all4integrity.org\/en\/#\/schema\/logo\/image\/\"},\"sameAs\":[\"https:\/\/www.facebook.com\/all4integrity\/\",\"https:\/\/x.com\/All4Integrity\",\"https:\/\/www.instagram.com\/all_4_integrity\/\",\"https:\/\/www.youtube.com\/channel\/UC03HJFKiaCStfIHFnfdRbvA\",\"https:\/\/www.linkedin.com\/company\/associao-all4integrity\/\"]}]}<\/script>\n<!-- \/ Yoast SEO plugin. -->","yoast_head_json":{"title":"Internal Whistleblowing Channel - ALL4INTEGRITY","robots":{"index":"index","follow":"follow","max-snippet":"max-snippet:-1","max-image-preview":"max-image-preview:large","max-video-preview":"max-video-preview:-1"},"canonical":"https:\/\/www.all4integrity.org\/en\/internal-whistleblowing-channel\/","og_locale":"en_US","og_type":"article","og_title":"Internal Whistleblowing Channel - ALL4INTEGRITY","og_description":"mais transparente Internal Whistleblowing Channel What is it? The Internal Whistleblowing Channel is a secure&hellip;","og_url":"https:\/\/www.all4integrity.org\/en\/internal-whistleblowing-channel\/","og_site_name":"ALL4INTEGRITY","article_publisher":"https:\/\/www.facebook.com\/all4integrity\/","article_modified_time":"2024-12-16T11:36:13+00:00","twitter_card":"summary_large_image","twitter_site":"@All4Integrity","twitter_misc":{"Est. reading time":"1 minute"},"schema":{"@context":"https:\/\/schema.org","@graph":[{"@type":"WebPage","@id":"https:\/\/www.all4integrity.org\/en\/internal-whistleblowing-channel\/","url":"https:\/\/www.all4integrity.org\/en\/internal-whistleblowing-channel\/","name":"Internal Whistleblowing Channel - ALL4INTEGRITY","isPartOf":{"@id":"https:\/\/www.all4integrity.org\/en\/#website"},"datePublished":"2023-12-20T21:16:44+00:00","dateModified":"2024-12-16T11:36:13+00:00","breadcrumb":{"@id":"https:\/\/www.all4integrity.org\/en\/internal-whistleblowing-channel\/#breadcrumb"},"inLanguage":"en-US","potentialAction":[{"@type":"ReadAction","target":["https:\/\/www.all4integrity.org\/en\/internal-whistleblowing-channel\/"]}]},{"@type":"BreadcrumbList","@id":"https:\/\/www.all4integrity.org\/en\/internal-whistleblowing-channel\/#breadcrumb","itemListElement":[{"@type":"ListItem","position":1,"name":"Home","item":"https:\/\/www.all4integrity.org\/en\/"},{"@type":"ListItem","position":2,"name":"Internal Whistleblowing Channel"}]},{"@type":"WebSite","@id":"https:\/\/www.all4integrity.org\/en\/#website","url":"https:\/\/www.all4integrity.org\/en\/","name":"ALL4INTEGRITY","description":"Mobiliza\u00e7\u00e3o e Solu\u00e7\u00f5es contra a Corrup\u00e7\u00e3o","publisher":{"@id":"https:\/\/www.all4integrity.org\/en\/#organization"},"potentialAction":[{"@type":"SearchAction","target":{"@type":"EntryPoint","urlTemplate":"https:\/\/www.all4integrity.org\/en\/?s={search_term_string}"},"query-input":{"@type":"PropertyValueSpecification","valueRequired":true,"valueName":"search_term_string"}}],"inLanguage":"en-US"},{"@type":"Organization","@id":"https:\/\/www.all4integrity.org\/en\/#organization","name":"All4Integrity","url":"https:\/\/www.all4integrity.org\/en\/","logo":{"@type":"ImageObject","inLanguage":"en-US","@id":"https:\/\/www.all4integrity.org\/en\/#\/schema\/logo\/image\/","url":"https:\/\/all4integrity.org\/wp-content\/uploads\/2022\/05\/logotipo-all4integrity-1.png","contentUrl":"https:\/\/all4integrity.org\/wp-content\/uploads\/2022\/05\/logotipo-all4integrity-1.png","width":600,"height":137,"caption":"All4Integrity"},"image":{"@id":"https:\/\/www.all4integrity.org\/en\/#\/schema\/logo\/image\/"},"sameAs":["https:\/\/www.facebook.com\/all4integrity\/","https:\/\/x.com\/All4Integrity","https:\/\/www.instagram.com\/all_4_integrity\/","https:\/\/www.youtube.com\/channel\/UC03HJFKiaCStfIHFnfdRbvA","https:\/\/www.linkedin.com\/company\/associao-all4integrity\/"]}]}},"_links":{"self":[{"href":"https:\/\/www.all4integrity.org\/en\/wp-json\/wp\/v2\/pages\/39109","targetHints":{"allow":["GET"]}}],"collection":[{"href":"https:\/\/www.all4integrity.org\/en\/wp-json\/wp\/v2\/pages"}],"about":[{"href":"https:\/\/www.all4integrity.org\/en\/wp-json\/wp\/v2\/types\/page"}],"author":[{"embeddable":true,"href":"https:\/\/www.all4integrity.org\/en\/wp-json\/wp\/v2\/users\/2"}],"replies":[{"embeddable":true,"href":"https:\/\/www.all4integrity.org\/en\/wp-json\/wp\/v2\/comments?post=39109"}],"version-history":[{"count":4,"href":"https:\/\/www.all4integrity.org\/en\/wp-json\/wp\/v2\/pages\/39109\/revisions"}],"predecessor-version":[{"id":39125,"href":"https:\/\/www.all4integrity.org\/en\/wp-json\/wp\/v2\/pages\/39109\/revisions\/39125"}],"wp:attachment":[{"href":"https:\/\/www.all4integrity.org\/en\/wp-json\/wp\/v2\/media?parent=39109"}],"curies":[{"name":"wp","href":"https:\/\/api.w.org\/{rel}","templated":true}]}}