{"id":39105,"date":"2024-12-04T22:38:47","date_gmt":"2024-12-04T22:38:47","guid":{"rendered":"https:\/\/www.all4integrity.org\/donations\/"},"modified":"2024-12-16T11:35:51","modified_gmt":"2024-12-16T11:35:51","slug":"donations","status":"publish","type":"page","link":"https:\/\/www.all4integrity.org\/en\/donations\/","title":{"rendered":"Donations"},"content":{"rendered":"\t\t<div data-elementor-type=\"wp-page\" data-elementor-id=\"39105\" class=\"elementor elementor-39105\">\n\t\t\t\t\t\t<section class=\"elementor-section elementor-top-section elementor-element elementor-element-4017222 elementor-section-full_width scheme_dark elementor-section-height-default elementor-section-height-default sc_fly_static\" data-id=\"4017222\" data-element_type=\"section\" data-settings=\"{&quot;background_background&quot;:&quot;classic&quot;}\">\n\t\t\t\t\t\t\t<div class=\"elementor-background-overlay\"><\/div>\n\t\t\t\t\t\t\t<div class=\"elementor-container elementor-column-gap-extended\">\n\t\t\t\t\t<div class=\"elementor-column elementor-col-100 elementor-top-column elementor-element elementor-element-53f3977 sc_inner_width_none sc_content_align_inherit sc_layouts_column_icons_position_left sc_fly_static\" data-id=\"53f3977\" data-element_type=\"column\">\n\t\t\t<div class=\"elementor-widget-wrap elementor-element-populated\">\n\t\t\t\t\t\t<div class=\"elementor-element elementor-element-451b79d sc_fly_static elementor-widget elementor-widget-spacer\" data-id=\"451b79d\" data-element_type=\"widget\" data-widget_type=\"spacer.default\">\n\t\t\t\t<div class=\"elementor-widget-container\">\n\t\t\t\t\t\t\t<div class=\"elementor-spacer\">\n\t\t\t<div class=\"elementor-spacer-inner\"><\/div>\n\t\t<\/div>\n\t\t\t\t\t\t<\/div>\n\t\t\t\t<\/div>\n\t\t\t\t<section class=\"elementor-section elementor-inner-section elementor-element elementor-element-39a3d68 elementor-section-boxed elementor-section-height-default elementor-section-height-default sc_fly_static\" data-id=\"39a3d68\" data-element_type=\"section\">\n\t\t\t\t\t\t<div class=\"elementor-container elementor-column-gap-extended\">\n\t\t\t\t\t<div class=\"elementor-column elementor-col-16 elementor-inner-column elementor-element elementor-element-e2db00e sc_inner_width_none sc_content_align_inherit sc_layouts_column_icons_position_left sc_fly_static\" data-id=\"e2db00e\" data-element_type=\"column\">\n\t\t\t<div class=\"elementor-widget-wrap\">\n\t\t\t\t\t\t\t<\/div>\n\t\t<\/div>\n\t\t\t\t<div class=\"elementor-column elementor-col-66 elementor-inner-column elementor-element elementor-element-6faa6a0 sc_inner_width_none sc_content_align_inherit sc_layouts_column_icons_position_left sc_fly_static\" data-id=\"6faa6a0\" data-element_type=\"column\">\n\t\t\t<div class=\"elementor-widget-wrap elementor-element-populated\">\n\t\t\t\t\t\t<div class=\"elementor-element elementor-element-c10d00d sc_fly_static elementor-widget elementor-widget-trx_sc_title\" data-id=\"c10d00d\" data-element_type=\"widget\" data-widget_type=\"trx_sc_title.default\">\n\t\t\t\t<div class=\"elementor-widget-container\">\n\t\t\t\t\t<div\t\tclass=\"sc_title color_style_dark sc_title_default\" ><span class=\"sc_item_subtitle sc_title_subtitle sc_align_center sc_item_subtitle_above sc_item_title_style_default\">donations<\/span><h2 class=\"sc_item_title sc_title_title sc_align_center sc_item_title_style_default sc_item_title_tag\"\n\t\t\t><span class=\"sc_item_title_text\">Support All4Integrity<\/span><\/h2><\/div>\t\t\t\t<\/div>\n\t\t\t\t<\/div>\n\t\t\t\t\t<\/div>\n\t\t<\/div>\n\t\t\t\t<div class=\"elementor-column elementor-col-16 elementor-inner-column elementor-element elementor-element-7c0aaee sc_inner_width_none sc_content_align_inherit sc_layouts_column_icons_position_left sc_fly_static\" data-id=\"7c0aaee\" data-element_type=\"column\">\n\t\t\t<div class=\"elementor-widget-wrap\">\n\t\t\t\t\t\t\t<\/div>\n\t\t<\/div>\n\t\t\t\t\t<\/div>\n\t\t<\/section>\n\t\t\t\t<div class=\"elementor-element elementor-element-6c22fbb sc_fly_static elementor-widget elementor-widget-spacer\" data-id=\"6c22fbb\" data-element_type=\"widget\" data-widget_type=\"spacer.default\">\n\t\t\t\t<div class=\"elementor-widget-container\">\n\t\t\t\t\t\t\t<div class=\"elementor-spacer\">\n\t\t\t<div class=\"elementor-spacer-inner\"><\/div>\n\t\t<\/div>\n\t\t\t\t\t\t<\/div>\n\t\t\t\t<\/div>\n\t\t\t\t\t<\/div>\n\t\t<\/div>\n\t\t\t\t\t<\/div>\n\t\t<\/section>\n\t\t\t\t<section class=\"elementor-section elementor-top-section elementor-element elementor-element-49686de elementor-section-height-min-height elementor-section-content-top elementor-section-items-top elementor-section-boxed elementor-section-height-default sc_fly_static\" data-id=\"49686de\" data-element_type=\"section\">\n\t\t\t\t\t\t<div class=\"elementor-container elementor-column-gap-extended\">\n\t\t\t\t\t<div class=\"elementor-column elementor-col-100 elementor-top-column elementor-element elementor-element-f1dbf11 sc_layouts_column_align_center sc_layouts_column sc_inner_width_none sc_content_align_inherit sc_layouts_column_icons_position_left sc_fly_static\" data-id=\"f1dbf11\" data-element_type=\"column\">\n\t\t\t<div class=\"elementor-widget-wrap elementor-element-populated\">\n\t\t\t\t\t\t<div class=\"elementor-element elementor-element-b5f1be0 elementor-view-default sc_fly_static elementor-widget elementor-widget-icon\" data-id=\"b5f1be0\" data-element_type=\"widget\" data-widget_type=\"icon.default\">\n\t\t\t\t<div class=\"elementor-widget-container\">\n\t\t\t\t\t\t\t<div class=\"elementor-icon-wrapper\">\n\t\t\t<a class=\"elementor-icon\" href=\"#anchor\">\n\t\t\t<svg xmlns=\"http:\/\/www.w3.org\/2000\/svg\" width=\"14.626\" height=\"8.639\" viewBox=\"0 0 14.626 8.639\"><g id=\"down-arrow\" transform=\"translate(0 -70.698)\"><g id=\"Group_8820\" data-name=\"Group 8820\" transform=\"translate(0 100.698)\"><path id=\"Path_6507\" data-name=\"Path 6507\" d=\"M14.392,101.42l-.479-.482a.8.8,0,0,0-1.132,0L7.316,106.4l-5.472-5.472a.8.8,0,0,0-1.132,0l-.479.479a.8.8,0,0,0,0,1.131l6.515,6.538a.818.818,0,0,0,.567.257h0a.818.818,0,0,0,.566-.257l6.508-6.52a.808.808,0,0,0,.234-.571A.8.8,0,0,0,14.392,101.42Z\" transform=\"translate(0 -130.698)\"><\/path><\/g><\/g><\/svg>\t\t\t<\/a>\n\t\t<\/div>\n\t\t\t\t\t\t<\/div>\n\t\t\t\t<\/div>\n\t\t\t\t\t<\/div>\n\t\t<\/div>\n\t\t\t\t\t<\/div>\n\t\t<\/section>\n\t\t\t\t<section class=\"elementor-section elementor-top-section elementor-element elementor-element-07505bc elementor-section-boxed elementor-section-height-default elementor-section-height-default sc_fly_static\" data-id=\"07505bc\" data-element_type=\"section\">\n\t\t\t\t\t\t<div class=\"elementor-container elementor-column-gap-extended\">\n\t\t\t\t\t<div class=\"elementor-column elementor-col-100 elementor-top-column elementor-element elementor-element-e81588a sc_inner_width_3_4 sc_content_align_center sc_layouts_column_icons_position_left sc_fly_static\" data-id=\"e81588a\" data-element_type=\"column\">\n\t\t\t<div class=\"elementor-widget-wrap elementor-element-populated\">\n\t\t\t\t\t\t<div class=\"elementor-element elementor-element-b8db04c sc_fly_static elementor-widget elementor-widget-trx_sc_anchor\" data-id=\"b8db04c\" data-element_type=\"widget\" data-widget_type=\"trx_sc_anchor.default\">\n\t\t\t\t<div class=\"elementor-widget-container\">\n\t\t\t\t\t<a id=\"sc_anchor_anchor\"\ttitle=\"\"  class=\"sc_anchor sc_anchor_default\" data-vc-icon=\"\" data-url=\"\" ><\/a>\t\t\t\t<\/div>\n\t\t\t\t<\/div>\n\t\t\t\t<div class=\"elementor-element elementor-element-c75e150 sc_height_huge sc_fly_static elementor-widget elementor-widget-spacer\" data-id=\"c75e150\" data-element_type=\"widget\" data-widget_type=\"spacer.default\">\n\t\t\t\t<div class=\"elementor-widget-container\">\n\t\t\t\t\t\t\t<div class=\"elementor-spacer\">\n\t\t\t<div class=\"elementor-spacer-inner\"><\/div>\n\t\t<\/div>\n\t\t\t\t\t\t<\/div>\n\t\t\t\t<\/div>\n\t\t\t\t<div class=\"elementor-element elementor-element-fca464c sc_fly_static elementor-widget elementor-widget-text-editor\" data-id=\"fca464c\" data-element_type=\"widget\" data-widget_type=\"text-editor.default\">\n\t\t\t\t<div class=\"elementor-widget-container\">\n\t\t\t\t\t\t\t\t\t<p>All4Integrity is a non-partisan civil society association with <a href=\"https:\/\/diariodarepublica.pt\/dr\/detalhe\/despacho\/12519-2023-225353913\" target=\"_blank\" rel=\"noopener\">Public Utility Status<\/a> and the first global network of Portuguese origin created to promote a culture of integrity in Portugal through the development of initiatives, programs and solutions to prevent and combat corruption.<\/p>\n<p>The volunteerism, talent and merit of its collaborators has transformed the <strong>#libertemomeupa\u00edsdacorrup\u00e7\u00e3o<\/strong> movement into an incubator of programs with intervention in multiple areas:<\/p>\n<ul>\n<li><strong>in education:<\/strong> <em>RedEscolas AntiCorruption Program &#8211; schools that promote a culture of integrity<\/em>;<\/li>\n<li><strong>in civil society:<\/strong> <em>T\u00e1gides Prize &#8211; People who inspire in the fight against corruption<\/em>;<\/li>\n<li><strong>in research and training:<\/strong> <em>All4Integrity Academy &#8211; knowledge that promotes organizational integrity<\/em>;<\/li>\n<li><strong>on the radio:<\/strong> <em>Integrity+ &#8211; conversations that promote a culture of integrity<\/em>;<\/li>\n<li><strong>in technology:<\/strong> <em>Tech4Integrity &#8211; Technology that inspires a culture of integrity<\/em>.<\/li>\n<\/ul>\n<p>Your donation is very important to All4Integrity, particularly in the dissemination and expansion of the various anti-corruption literacy programs. Promoting a culture of integrity will help to change behavior &#8211; both personal and institutional &#8211; and, consequently, to build a fairer and more developed society. <\/p>\n\t\t\t\t\t\t\t\t<\/div>\n\t\t\t\t<\/div>\n\t\t\t\t<div class=\"elementor-element elementor-element-3224634 sc_height_medium sc_fly_static elementor-widget elementor-widget-spacer\" data-id=\"3224634\" data-element_type=\"widget\" data-widget_type=\"spacer.default\">\n\t\t\t\t<div class=\"elementor-widget-container\">\n\t\t\t\t\t\t\t<div class=\"elementor-spacer\">\n\t\t\t<div class=\"elementor-spacer-inner\"><\/div>\n\t\t<\/div>\n\t\t\t\t\t\t<\/div>\n\t\t\t\t<\/div>\n\t\t\t\t<section class=\"elementor-section-with-custom-width elementor-section elementor-inner-section elementor-element elementor-element-75379af elementor-section-boxed elementor-section-height-default elementor-section-height-default sc_fly_static\" data-id=\"75379af\" data-element_type=\"section\" data-settings=\"{&quot;background_background&quot;:&quot;classic&quot;}\">\n\t\t\t\t\t\t<div class=\"elementor-container elementor-column-gap-extended\">\n\t\t\t\t\t<div class=\"elementor-column elementor-col-100 elementor-inner-column elementor-element elementor-element-0bcca1a sc_inner_width_none sc_content_align_inherit sc_layouts_column_icons_position_left sc_fly_static\" data-id=\"0bcca1a\" data-element_type=\"column\">\n\t\t\t<div class=\"elementor-widget-wrap elementor-element-populated\">\n\t\t\t\t\t\t<div class=\"elementor-element elementor-element-f2efada sc_fly_static elementor-widget elementor-widget-heading\" data-id=\"f2efada\" data-element_type=\"widget\" data-widget_type=\"heading.default\">\n\t\t\t\t<div class=\"elementor-widget-container\">\n\t\t\t\t\t<h2 class=\"elementor-heading-title elementor-size-default\">We count on your support<br> and generosity!<\/h2>\t\t\t\t<\/div>\n\t\t\t\t<\/div>\n\t\t\t\t<div class=\"elementor-element elementor-element-6aa7e58 sc_height_medium sc_fly_static elementor-widget elementor-widget-spacer\" data-id=\"6aa7e58\" data-element_type=\"widget\" data-widget_type=\"spacer.default\">\n\t\t\t\t<div class=\"elementor-widget-container\">\n\t\t\t\t\t\t\t<div class=\"elementor-spacer\">\n\t\t\t<div class=\"elementor-spacer-inner\"><\/div>\n\t\t<\/div>\n\t\t\t\t\t\t<\/div>\n\t\t\t\t<\/div>\n\t\t\t\t<div class=\"elementor-element elementor-element-f0de7a2 sc_fly_static elementor-widget elementor-widget-html\" data-id=\"f0de7a2\" data-element_type=\"widget\" data-widget_type=\"html.default\">\n\t\t\t\t<div class=\"elementor-widget-container\">\n\t\t\t\t\t<iframe src=\"https:\/\/all4integrity.pledgy.io\/elements\/formulario-doacao\" width=\"100%\" height=\"700\" frameborder=\"0\" style=\"overflow:auto; background-color:#FFFFFF\"><\/iframe>\t\t\t\t<\/div>\n\t\t\t\t<\/div>\n\t\t\t\t<div class=\"elementor-element elementor-element-02ba311 sc_height_small sc_fly_static elementor-widget elementor-widget-spacer\" data-id=\"02ba311\" data-element_type=\"widget\" data-widget_type=\"spacer.default\">\n\t\t\t\t<div class=\"elementor-widget-container\">\n\t\t\t\t\t\t\t<div class=\"elementor-spacer\">\n\t\t\t<div class=\"elementor-spacer-inner\"><\/div>\n\t\t<\/div>\n\t\t\t\t\t\t<\/div>\n\t\t\t\t<\/div>\n\t\t\t\t<div class=\"elementor-element elementor-element-b3c44cb sc_fly_static elementor-widget elementor-widget-text-editor\" data-id=\"b3c44cb\" data-element_type=\"widget\" data-widget_type=\"text-editor.default\">\n\t\t\t\t<div class=\"elementor-widget-container\">\n\t\t\t\t\t\t\t\t\t<h2>Thank you.<\/h2>\n\t\t\t\t\t\t\t\t<\/div>\n\t\t\t\t<\/div>\n\t\t\t\t\t<\/div>\n\t\t<\/div>\n\t\t\t\t\t<\/div>\n\t\t<\/section>\n\t\t\t\t<div class=\"elementor-element elementor-element-45c9732 sc_fly_static elementor-widget elementor-widget-spacer\" data-id=\"45c9732\" data-element_type=\"widget\" data-widget_type=\"spacer.default\">\n\t\t\t\t<div class=\"elementor-widget-container\">\n\t\t\t\t\t\t\t<div class=\"elementor-spacer\">\n\t\t\t<div class=\"elementor-spacer-inner\"><\/div>\n\t\t<\/div>\n\t\t\t\t\t\t<\/div>\n\t\t\t\t<\/div>\n\t\t\t\t\t<\/div>\n\t\t<\/div>\n\t\t\t\t\t<\/div>\n\t\t<\/section>\n\t\t\t\t<\/div>\n\t\t","protected":false},"excerpt":{"rendered":"<p>donations Support All4Integrity All4Integrity is a non-partisan civil society association with Public Utility Status and&hellip;<\/p>\n","protected":false},"author":2,"featured_media":25203,"parent":0,"menu_order":0,"comment_status":"closed","ping_status":"closed","template":"","meta":{"_acf_changed":false,"footnotes":""},"class_list":["post-39105","page","type-page","status-publish","has-post-thumbnail","hentry"],"acf":[],"yoast_head":"<!-- This site is optimized with the Yoast SEO plugin v25.5 - https:\/\/yoast.com\/wordpress\/plugins\/seo\/ -->\n<title>Donations - ALL4INTEGRITY<\/title>\n<meta name=\"robots\" content=\"index, follow, max-snippet:-1, max-image-preview:large, max-video-preview:-1\" \/>\n<link rel=\"canonical\" href=\"https:\/\/www.all4integrity.org\/en\/donations\/\" \/>\n<meta property=\"og:locale\" content=\"en_US\" \/>\n<meta property=\"og:type\" content=\"article\" \/>\n<meta property=\"og:title\" content=\"Donations - ALL4INTEGRITY\" \/>\n<meta property=\"og:description\" content=\"donations Support All4Integrity All4Integrity is a non-partisan civil society association with Public Utility Status and&hellip;\" \/>\n<meta property=\"og:url\" content=\"https:\/\/www.all4integrity.org\/en\/donations\/\" \/>\n<meta property=\"og:site_name\" content=\"ALL4INTEGRITY\" \/>\n<meta property=\"article:publisher\" content=\"https:\/\/www.facebook.com\/all4integrity\/\" \/>\n<meta property=\"article:modified_time\" content=\"2024-12-16T11:35:51+00:00\" \/>\n<meta property=\"og:image\" content=\"https:\/\/www.all4integrity.org\/wp-content\/uploads\/2022\/05\/all4integrity-brandarea03.jpg\" \/>\n\t<meta property=\"og:image:width\" content=\"1366\" \/>\n\t<meta property=\"og:image:height\" content=\"866\" \/>\n\t<meta property=\"og:image:type\" content=\"image\/jpeg\" \/>\n<meta name=\"twitter:card\" content=\"summary_large_image\" \/>\n<meta name=\"twitter:site\" content=\"@All4Integrity\" \/>\n<meta name=\"twitter:label1\" content=\"Est. reading time\" \/>\n\t<meta name=\"twitter:data1\" content=\"1 minute\" \/>\n<script type=\"application\/ld+json\" class=\"yoast-schema-graph\">{\"@context\":\"https:\/\/schema.org\",\"@graph\":[{\"@type\":\"WebPage\",\"@id\":\"https:\/\/www.all4integrity.org\/en\/donations\/\",\"url\":\"https:\/\/www.all4integrity.org\/en\/donations\/\",\"name\":\"Donations - ALL4INTEGRITY\",\"isPartOf\":{\"@id\":\"https:\/\/www.all4integrity.org\/en\/#website\"},\"primaryImageOfPage\":{\"@id\":\"https:\/\/www.all4integrity.org\/en\/donations\/#primaryimage\"},\"image\":{\"@id\":\"https:\/\/www.all4integrity.org\/en\/donations\/#primaryimage\"},\"thumbnailUrl\":\"https:\/\/www.all4integrity.org\/wp-content\/uploads\/2022\/05\/all4integrity-brandarea03.jpg\",\"datePublished\":\"2024-12-04T22:38:47+00:00\",\"dateModified\":\"2024-12-16T11:35:51+00:00\",\"breadcrumb\":{\"@id\":\"https:\/\/www.all4integrity.org\/en\/donations\/#breadcrumb\"},\"inLanguage\":\"en-US\",\"potentialAction\":[{\"@type\":\"ReadAction\",\"target\":[\"https:\/\/www.all4integrity.org\/en\/donations\/\"]}]},{\"@type\":\"ImageObject\",\"inLanguage\":\"en-US\",\"@id\":\"https:\/\/www.all4integrity.org\/en\/donations\/#primaryimage\",\"url\":\"https:\/\/www.all4integrity.org\/wp-content\/uploads\/2022\/05\/all4integrity-brandarea03.jpg\",\"contentUrl\":\"https:\/\/www.all4integrity.org\/wp-content\/uploads\/2022\/05\/all4integrity-brandarea03.jpg\",\"width\":1366,\"height\":866},{\"@type\":\"BreadcrumbList\",\"@id\":\"https:\/\/www.all4integrity.org\/en\/donations\/#breadcrumb\",\"itemListElement\":[{\"@type\":\"ListItem\",\"position\":1,\"name\":\"Home\",\"item\":\"https:\/\/www.all4integrity.org\/en\/\"},{\"@type\":\"ListItem\",\"position\":2,\"name\":\"Donations\"}]},{\"@type\":\"WebSite\",\"@id\":\"https:\/\/www.all4integrity.org\/en\/#website\",\"url\":\"https:\/\/www.all4integrity.org\/en\/\",\"name\":\"ALL4INTEGRITY\",\"description\":\"Mobiliza\u00e7\u00e3o e Solu\u00e7\u00f5es contra a Corrup\u00e7\u00e3o\",\"publisher\":{\"@id\":\"https:\/\/www.all4integrity.org\/en\/#organization\"},\"potentialAction\":[{\"@type\":\"SearchAction\",\"target\":{\"@type\":\"EntryPoint\",\"urlTemplate\":\"https:\/\/www.all4integrity.org\/en\/?s={search_term_string}\"},\"query-input\":{\"@type\":\"PropertyValueSpecification\",\"valueRequired\":true,\"valueName\":\"search_term_string\"}}],\"inLanguage\":\"en-US\"},{\"@type\":\"Organization\",\"@id\":\"https:\/\/www.all4integrity.org\/en\/#organization\",\"name\":\"All4Integrity\",\"url\":\"https:\/\/www.all4integrity.org\/en\/\",\"logo\":{\"@type\":\"ImageObject\",\"inLanguage\":\"en-US\",\"@id\":\"https:\/\/www.all4integrity.org\/en\/#\/schema\/logo\/image\/\",\"url\":\"https:\/\/all4integrity.org\/wp-content\/uploads\/2022\/05\/logotipo-all4integrity-1.png\",\"contentUrl\":\"https:\/\/all4integrity.org\/wp-content\/uploads\/2022\/05\/logotipo-all4integrity-1.png\",\"width\":600,\"height\":137,\"caption\":\"All4Integrity\"},\"image\":{\"@id\":\"https:\/\/www.all4integrity.org\/en\/#\/schema\/logo\/image\/\"},\"sameAs\":[\"https:\/\/www.facebook.com\/all4integrity\/\",\"https:\/\/x.com\/All4Integrity\",\"https:\/\/www.instagram.com\/all_4_integrity\/\",\"https:\/\/www.youtube.com\/channel\/UC03HJFKiaCStfIHFnfdRbvA\",\"https:\/\/www.linkedin.com\/company\/associao-all4integrity\/\"]}]}<\/script>\n<!-- \/ Yoast SEO plugin. -->","yoast_head_json":{"title":"Donations - ALL4INTEGRITY","robots":{"index":"index","follow":"follow","max-snippet":"max-snippet:-1","max-image-preview":"max-image-preview:large","max-video-preview":"max-video-preview:-1"},"canonical":"https:\/\/www.all4integrity.org\/en\/donations\/","og_locale":"en_US","og_type":"article","og_title":"Donations - ALL4INTEGRITY","og_description":"donations Support All4Integrity All4Integrity is a non-partisan civil society association with Public Utility Status and&hellip;","og_url":"https:\/\/www.all4integrity.org\/en\/donations\/","og_site_name":"ALL4INTEGRITY","article_publisher":"https:\/\/www.facebook.com\/all4integrity\/","article_modified_time":"2024-12-16T11:35:51+00:00","og_image":[{"width":1366,"height":866,"url":"https:\/\/www.all4integrity.org\/wp-content\/uploads\/2022\/05\/all4integrity-brandarea03.jpg","type":"image\/jpeg"}],"twitter_card":"summary_large_image","twitter_site":"@All4Integrity","twitter_misc":{"Est. reading time":"1 minute"},"schema":{"@context":"https:\/\/schema.org","@graph":[{"@type":"WebPage","@id":"https:\/\/www.all4integrity.org\/en\/donations\/","url":"https:\/\/www.all4integrity.org\/en\/donations\/","name":"Donations - ALL4INTEGRITY","isPartOf":{"@id":"https:\/\/www.all4integrity.org\/en\/#website"},"primaryImageOfPage":{"@id":"https:\/\/www.all4integrity.org\/en\/donations\/#primaryimage"},"image":{"@id":"https:\/\/www.all4integrity.org\/en\/donations\/#primaryimage"},"thumbnailUrl":"https:\/\/www.all4integrity.org\/wp-content\/uploads\/2022\/05\/all4integrity-brandarea03.jpg","datePublished":"2024-12-04T22:38:47+00:00","dateModified":"2024-12-16T11:35:51+00:00","breadcrumb":{"@id":"https:\/\/www.all4integrity.org\/en\/donations\/#breadcrumb"},"inLanguage":"en-US","potentialAction":[{"@type":"ReadAction","target":["https:\/\/www.all4integrity.org\/en\/donations\/"]}]},{"@type":"ImageObject","inLanguage":"en-US","@id":"https:\/\/www.all4integrity.org\/en\/donations\/#primaryimage","url":"https:\/\/www.all4integrity.org\/wp-content\/uploads\/2022\/05\/all4integrity-brandarea03.jpg","contentUrl":"https:\/\/www.all4integrity.org\/wp-content\/uploads\/2022\/05\/all4integrity-brandarea03.jpg","width":1366,"height":866},{"@type":"BreadcrumbList","@id":"https:\/\/www.all4integrity.org\/en\/donations\/#breadcrumb","itemListElement":[{"@type":"ListItem","position":1,"name":"Home","item":"https:\/\/www.all4integrity.org\/en\/"},{"@type":"ListItem","position":2,"name":"Donations"}]},{"@type":"WebSite","@id":"https:\/\/www.all4integrity.org\/en\/#website","url":"https:\/\/www.all4integrity.org\/en\/","name":"ALL4INTEGRITY","description":"Mobiliza\u00e7\u00e3o e Solu\u00e7\u00f5es contra a Corrup\u00e7\u00e3o","publisher":{"@id":"https:\/\/www.all4integrity.org\/en\/#organization"},"potentialAction":[{"@type":"SearchAction","target":{"@type":"EntryPoint","urlTemplate":"https:\/\/www.all4integrity.org\/en\/?s={search_term_string}"},"query-input":{"@type":"PropertyValueSpecification","valueRequired":true,"valueName":"search_term_string"}}],"inLanguage":"en-US"},{"@type":"Organization","@id":"https:\/\/www.all4integrity.org\/en\/#organization","name":"All4Integrity","url":"https:\/\/www.all4integrity.org\/en\/","logo":{"@type":"ImageObject","inLanguage":"en-US","@id":"https:\/\/www.all4integrity.org\/en\/#\/schema\/logo\/image\/","url":"https:\/\/all4integrity.org\/wp-content\/uploads\/2022\/05\/logotipo-all4integrity-1.png","contentUrl":"https:\/\/all4integrity.org\/wp-content\/uploads\/2022\/05\/logotipo-all4integrity-1.png","width":600,"height":137,"caption":"All4Integrity"},"image":{"@id":"https:\/\/www.all4integrity.org\/en\/#\/schema\/logo\/image\/"},"sameAs":["https:\/\/www.facebook.com\/all4integrity\/","https:\/\/x.com\/All4Integrity","https:\/\/www.instagram.com\/all_4_integrity\/","https:\/\/www.youtube.com\/channel\/UC03HJFKiaCStfIHFnfdRbvA","https:\/\/www.linkedin.com\/company\/associao-all4integrity\/"]}]}},"_links":{"self":[{"href":"https:\/\/www.all4integrity.org\/en\/wp-json\/wp\/v2\/pages\/39105","targetHints":{"allow":["GET"]}}],"collection":[{"href":"https:\/\/www.all4integrity.org\/en\/wp-json\/wp\/v2\/pages"}],"about":[{"href":"https:\/\/www.all4integrity.org\/en\/wp-json\/wp\/v2\/types\/page"}],"author":[{"embeddable":true,"href":"https:\/\/www.all4integrity.org\/en\/wp-json\/wp\/v2\/users\/2"}],"replies":[{"embeddable":true,"href":"https:\/\/www.all4integrity.org\/en\/wp-json\/wp\/v2\/comments?post=39105"}],"version-history":[{"count":6,"href":"https:\/\/www.all4integrity.org\/en\/wp-json\/wp\/v2\/pages\/39105\/revisions"}],"predecessor-version":[{"id":39121,"href":"https:\/\/www.all4integrity.org\/en\/wp-json\/wp\/v2\/pages\/39105\/revisions\/39121"}],"wp:featuredmedia":[{"embeddable":true,"href":"https:\/\/www.all4integrity.org\/en\/wp-json\/wp\/v2\/media\/25203"}],"wp:attachment":[{"href":"https:\/\/www.all4integrity.org\/en\/wp-json\/wp\/v2\/media?parent=39105"}],"curies":[{"name":"wp","href":"https:\/\/api.w.org\/{rel}","templated":true}]}}