{"id":26523,"date":"2021-05-05T08:23:10","date_gmt":"2021-05-05T08:23:10","guid":{"rendered":"https:\/\/www.all4integrity.org\/politica-de-privacidade\/"},"modified":"2023-09-28T20:56:18","modified_gmt":"2023-09-28T20:56:18","slug":"privacy-policy","status":"publish","type":"page","link":"https:\/\/www.all4integrity.org\/en\/privacy-policy\/","title":{"rendered":"Privacy Policy"},"content":{"rendered":"\t\t<div data-elementor-type=\"wp-page\" data-elementor-id=\"26523\" class=\"elementor elementor-26523 elementor-12954\">\n\t\t\t\t\t\t<section class=\"elementor-section elementor-top-section elementor-element elementor-element-2b1184b0 elementor-section-boxed elementor-section-height-default elementor-section-height-default sc_fly_static\" data-id=\"2b1184b0\" data-element_type=\"section\" data-settings=\"{&quot;background_background&quot;:&quot;classic&quot;}\">\n\t\t\t\t\t\t<div class=\"elementor-container elementor-column-gap-extended\">\n\t\t\t\t\t<div class=\"elementor-column elementor-col-100 elementor-top-column elementor-element elementor-element-153e1c19 sc_inner_width_none sc_content_align_inherit sc_layouts_column_icons_position_left sc_fly_static\" data-id=\"153e1c19\" data-element_type=\"column\">\n\t\t\t<div class=\"elementor-widget-wrap elementor-element-populated\">\n\t\t\t\t\t\t<div class=\"elementor-element elementor-element-54db29de sc_fly_static elementor-widget elementor-widget-text-editor\" data-id=\"54db29de\" data-element_type=\"widget\" data-widget_type=\"text-editor.default\">\n\t\t\t\t<div class=\"elementor-widget-container\">\n\t\t\t\t\t\t\t\t\t<p>The team associated with the @libertemomeupaisdacorrupcao initiative is responsible for All4Integrity, hereafter referred to as the &#8220;Association&#8221;. We consider the privacy of participants a priority and are committed to protecting your personal data (as any information relating to an identified or identifiable individual).<\/p>\n<p>As the controller of personal data (within the meaning of Regulation EU 2016\/679 of the European Parliament and of the Council of 27 April 2016 on the protection of individuals with regard to the processing of personal data and on the free movement of such data) the @libertemomeupaisdacorrupcao initiative clarifies the purposes and means of processing the data collected within this Association, also ensures that the holders of personal data are fully informed about what data is collected and processed, on what grounds and for what purposes, what measures are implemented to ensure the security and confidentiality of data, with whom it may be shared and what their rights are (and how they can exercise them effectively).<\/p><\/p>\n\t\t\t\t\t\t\t\t<\/div>\n\t\t\t\t<\/div>\n\t\t\t\t\t<\/div>\n\t\t<\/div>\n\t\t\t\t\t<\/div>\n\t\t<\/section>\n\t\t\t\t<section class=\"elementor-section elementor-top-section elementor-element elementor-element-7ef86bc8 elementor-section-boxed elementor-section-height-default elementor-section-height-default sc_fly_static\" data-id=\"7ef86bc8\" data-element_type=\"section\">\n\t\t\t\t\t\t<div class=\"elementor-container elementor-column-gap-extended\">\n\t\t\t\t\t<div class=\"elementor-column elementor-col-100 elementor-top-column elementor-element elementor-element-19372eea sc_inner_width_none sc_content_align_inherit sc_layouts_column_icons_position_left sc_fly_static\" data-id=\"19372eea\" data-element_type=\"column\">\n\t\t\t<div class=\"elementor-widget-wrap elementor-element-populated\">\n\t\t\t\t\t\t<div class=\"elementor-element elementor-element-690b98ed sc_fly_static elementor-widget elementor-widget-spacer\" data-id=\"690b98ed\" data-element_type=\"widget\" data-widget_type=\"spacer.default\">\n\t\t\t\t<div class=\"elementor-widget-container\">\n\t\t\t\t\t\t\t<div class=\"elementor-spacer\">\n\t\t\t<div class=\"elementor-spacer-inner\"><\/div>\n\t\t<\/div>\n\t\t\t\t\t\t<\/div>\n\t\t\t\t<\/div>\n\t\t\t\t\t<\/div>\n\t\t<\/div>\n\t\t\t\t\t<\/div>\n\t\t<\/section>\n\t\t\t\t<section class=\"elementor-section elementor-top-section elementor-element elementor-element-a2ec18c elementor-section-boxed elementor-section-height-default elementor-section-height-default sc_fly_static\" data-id=\"a2ec18c\" data-element_type=\"section\" data-settings=\"{&quot;background_background&quot;:&quot;classic&quot;}\">\n\t\t\t\t\t\t<div class=\"elementor-container elementor-column-gap-extended\">\n\t\t\t\t\t<div class=\"elementor-column elementor-col-100 elementor-top-column elementor-element elementor-element-e4f67bc sc_inner_width_none sc_content_align_inherit sc_layouts_column_icons_position_left sc_fly_static\" data-id=\"e4f67bc\" data-element_type=\"column\">\n\t\t\t<div class=\"elementor-widget-wrap elementor-element-populated\">\n\t\t\t\t\t\t<div class=\"elementor-element elementor-element-fc87c00 sc_fly_static elementor-widget elementor-widget-text-editor\" data-id=\"fc87c00\" data-element_type=\"widget\" data-widget_type=\"text-editor.default\">\n\t\t\t\t<div class=\"elementor-widget-container\">\n\t\t\t\t\t\t\t\t\t<h6>Personal Data handled by the @libertemomeupaisdacorrupcao initiative<\/h6>\n<p>The initiative @libertemomeupaisdacorrupcao collects the IP (anonymized) of all participants in this action by collecting the following personal data:<\/p>\n<ul>\n<li>Name<\/li>\n<li>Email<\/li>\n<\/ul>\n<h6>Basics of Personal Data Processing<\/h6>\n<p>The processing of data performed by @libertemomeupaisdacorrupcao within the scope of the &#8220;Association&#8221; is based on the consent given by the respective holders, as provided by law.<\/p>\n<h6>Purposes of processing Personal Data<\/h6>\n<p>When the participant interacts through the form or request for information, on the &#8220;Association&#8221; website, the IP (anonymized) of his\/her device is collected for the purpose of fraud prevention.<\/p>\n<p>The @libertemomeupaisdacorrupcao team processes the participants&#8217; personal data for the sole purpose of publicizing the &#8220;Association&#8221;, recruiting members, as well as publicizing future initiatives exclusively related to the movement.<\/p>\n<h6>Period of conservation of personal data<\/h6>\n<p>The personal data of visitors who interact with the &#8220;Association&#8221; are kept by the @libertemomeupaisdacorrupcao team without an expiration date or until visitors express their desire to have their personal data removed from the &#8220;Association&#8221; database.<\/p>\n<h6>Your rights as a Personal Data Owner<\/h6>\n<p>As the holder of personal data, you may exercise your rights, legally provided, at any time: requests received by @libertemomeupaisdacorrupcao will be handled with special care to ensure the effectiveness and effectiveness of the rights exercised.<\/p>\n<h6>Contacts<\/h6>\n<p>For any questions regarding the processing of personal data by @libertemomeupaisdacorrupcao, please contact: dpo.privacidade@all4integrity.org<\/p>\n\t\t\t\t\t\t\t\t<\/div>\n\t\t\t\t<\/div>\n\t\t\t\t\t<\/div>\n\t\t<\/div>\n\t\t\t\t\t<\/div>\n\t\t<\/section>\n\t\t\t\t<section class=\"elementor-section elementor-top-section elementor-element elementor-element-594f5e15 elementor-section-boxed elementor-section-height-default elementor-section-height-default sc_fly_static\" data-id=\"594f5e15\" data-element_type=\"section\">\n\t\t\t\t\t\t<div class=\"elementor-container elementor-column-gap-extended\">\n\t\t\t\t\t<div class=\"elementor-column elementor-col-100 elementor-top-column elementor-element elementor-element-5d4b9154 sc_inner_width_none sc_content_align_inherit sc_layouts_column_icons_position_left sc_fly_static\" data-id=\"5d4b9154\" data-element_type=\"column\">\n\t\t\t<div class=\"elementor-widget-wrap elementor-element-populated\">\n\t\t\t\t\t\t<div class=\"elementor-element elementor-element-79ec6774 sc_fly_static elementor-widget elementor-widget-spacer\" data-id=\"79ec6774\" data-element_type=\"widget\" data-widget_type=\"spacer.default\">\n\t\t\t\t<div class=\"elementor-widget-container\">\n\t\t\t\t\t\t\t<div class=\"elementor-spacer\">\n\t\t\t<div class=\"elementor-spacer-inner\"><\/div>\n\t\t<\/div>\n\t\t\t\t\t\t<\/div>\n\t\t\t\t<\/div>\n\t\t\t\t\t<\/div>\n\t\t<\/div>\n\t\t\t\t\t<\/div>\n\t\t<\/section>\n\t\t\t\t<\/div>\n\t\t","protected":false},"excerpt":{"rendered":"<p>The team associated with the @libertemomeupaisdacorrupcao initiative is responsible for All4Integrity, hereafter referred to as&hellip;<\/p>\n","protected":false},"author":2,"featured_media":0,"parent":0,"menu_order":0,"comment_status":"closed","ping_status":"closed","template":"","meta":{"_acf_changed":false,"footnotes":""},"class_list":["post-26523","page","type-page","status-publish","hentry"],"acf":[],"yoast_head":"<!-- This site is optimized with the Yoast SEO plugin v25.5 - https:\/\/yoast.com\/wordpress\/plugins\/seo\/ -->\n<title>Privacy Policy - ALL4INTEGRITY<\/title>\n<meta name=\"robots\" content=\"index, follow, max-snippet:-1, max-image-preview:large, max-video-preview:-1\" \/>\n<link rel=\"canonical\" href=\"https:\/\/www.all4integrity.org\/en\/privacy-policy\/\" \/>\n<meta property=\"og:locale\" content=\"en_US\" \/>\n<meta property=\"og:type\" content=\"article\" \/>\n<meta property=\"og:title\" content=\"Privacy Policy - ALL4INTEGRITY\" \/>\n<meta property=\"og:description\" content=\"The team associated with the @libertemomeupaisdacorrupcao initiative is responsible for All4Integrity, hereafter referred to as&hellip;\" \/>\n<meta property=\"og:url\" content=\"https:\/\/www.all4integrity.org\/en\/privacy-policy\/\" \/>\n<meta property=\"og:site_name\" content=\"ALL4INTEGRITY\" \/>\n<meta property=\"article:publisher\" content=\"https:\/\/www.facebook.com\/all4integrity\/\" \/>\n<meta property=\"article:modified_time\" content=\"2023-09-28T20:56:18+00:00\" \/>\n<meta name=\"twitter:card\" content=\"summary_large_image\" \/>\n<meta name=\"twitter:site\" content=\"@All4Integrity\" \/>\n<meta name=\"twitter:label1\" content=\"Est. reading time\" \/>\n\t<meta name=\"twitter:data1\" content=\"2 minutes\" \/>\n<script type=\"application\/ld+json\" class=\"yoast-schema-graph\">{\"@context\":\"https:\/\/schema.org\",\"@graph\":[{\"@type\":\"WebPage\",\"@id\":\"https:\/\/www.all4integrity.org\/en\/privacy-policy\/\",\"url\":\"https:\/\/www.all4integrity.org\/en\/privacy-policy\/\",\"name\":\"Privacy Policy - ALL4INTEGRITY\",\"isPartOf\":{\"@id\":\"https:\/\/www.all4integrity.org\/en\/#website\"},\"datePublished\":\"2021-05-05T08:23:10+00:00\",\"dateModified\":\"2023-09-28T20:56:18+00:00\",\"breadcrumb\":{\"@id\":\"https:\/\/www.all4integrity.org\/en\/privacy-policy\/#breadcrumb\"},\"inLanguage\":\"en-US\",\"potentialAction\":[{\"@type\":\"ReadAction\",\"target\":[\"https:\/\/www.all4integrity.org\/en\/privacy-policy\/\"]}]},{\"@type\":\"BreadcrumbList\",\"@id\":\"https:\/\/www.all4integrity.org\/en\/privacy-policy\/#breadcrumb\",\"itemListElement\":[{\"@type\":\"ListItem\",\"position\":1,\"name\":\"Home\",\"item\":\"https:\/\/www.all4integrity.org\/en\/\"},{\"@type\":\"ListItem\",\"position\":2,\"name\":\"Privacy Policy\"}]},{\"@type\":\"WebSite\",\"@id\":\"https:\/\/www.all4integrity.org\/en\/#website\",\"url\":\"https:\/\/www.all4integrity.org\/en\/\",\"name\":\"ALL4INTEGRITY\",\"description\":\"Mobiliza\u00e7\u00e3o e Solu\u00e7\u00f5es contra a Corrup\u00e7\u00e3o\",\"publisher\":{\"@id\":\"https:\/\/www.all4integrity.org\/en\/#organization\"},\"potentialAction\":[{\"@type\":\"SearchAction\",\"target\":{\"@type\":\"EntryPoint\",\"urlTemplate\":\"https:\/\/www.all4integrity.org\/en\/?s={search_term_string}\"},\"query-input\":{\"@type\":\"PropertyValueSpecification\",\"valueRequired\":true,\"valueName\":\"search_term_string\"}}],\"inLanguage\":\"en-US\"},{\"@type\":\"Organization\",\"@id\":\"https:\/\/www.all4integrity.org\/en\/#organization\",\"name\":\"All4Integrity\",\"url\":\"https:\/\/www.all4integrity.org\/en\/\",\"logo\":{\"@type\":\"ImageObject\",\"inLanguage\":\"en-US\",\"@id\":\"https:\/\/www.all4integrity.org\/en\/#\/schema\/logo\/image\/\",\"url\":\"https:\/\/all4integrity.org\/wp-content\/uploads\/2022\/05\/logotipo-all4integrity-1.png\",\"contentUrl\":\"https:\/\/all4integrity.org\/wp-content\/uploads\/2022\/05\/logotipo-all4integrity-1.png\",\"width\":600,\"height\":137,\"caption\":\"All4Integrity\"},\"image\":{\"@id\":\"https:\/\/www.all4integrity.org\/en\/#\/schema\/logo\/image\/\"},\"sameAs\":[\"https:\/\/www.facebook.com\/all4integrity\/\",\"https:\/\/x.com\/All4Integrity\",\"https:\/\/www.instagram.com\/all_4_integrity\/\",\"https:\/\/www.youtube.com\/channel\/UC03HJFKiaCStfIHFnfdRbvA\",\"https:\/\/www.linkedin.com\/company\/associao-all4integrity\/\"]}]}<\/script>\n<!-- \/ Yoast SEO plugin. -->","yoast_head_json":{"title":"Privacy Policy - ALL4INTEGRITY","robots":{"index":"index","follow":"follow","max-snippet":"max-snippet:-1","max-image-preview":"max-image-preview:large","max-video-preview":"max-video-preview:-1"},"canonical":"https:\/\/www.all4integrity.org\/en\/privacy-policy\/","og_locale":"en_US","og_type":"article","og_title":"Privacy Policy - ALL4INTEGRITY","og_description":"The team associated with the @libertemomeupaisdacorrupcao initiative is responsible for All4Integrity, hereafter referred to as&hellip;","og_url":"https:\/\/www.all4integrity.org\/en\/privacy-policy\/","og_site_name":"ALL4INTEGRITY","article_publisher":"https:\/\/www.facebook.com\/all4integrity\/","article_modified_time":"2023-09-28T20:56:18+00:00","twitter_card":"summary_large_image","twitter_site":"@All4Integrity","twitter_misc":{"Est. reading time":"2 minutes"},"schema":{"@context":"https:\/\/schema.org","@graph":[{"@type":"WebPage","@id":"https:\/\/www.all4integrity.org\/en\/privacy-policy\/","url":"https:\/\/www.all4integrity.org\/en\/privacy-policy\/","name":"Privacy Policy - ALL4INTEGRITY","isPartOf":{"@id":"https:\/\/www.all4integrity.org\/en\/#website"},"datePublished":"2021-05-05T08:23:10+00:00","dateModified":"2023-09-28T20:56:18+00:00","breadcrumb":{"@id":"https:\/\/www.all4integrity.org\/en\/privacy-policy\/#breadcrumb"},"inLanguage":"en-US","potentialAction":[{"@type":"ReadAction","target":["https:\/\/www.all4integrity.org\/en\/privacy-policy\/"]}]},{"@type":"BreadcrumbList","@id":"https:\/\/www.all4integrity.org\/en\/privacy-policy\/#breadcrumb","itemListElement":[{"@type":"ListItem","position":1,"name":"Home","item":"https:\/\/www.all4integrity.org\/en\/"},{"@type":"ListItem","position":2,"name":"Privacy Policy"}]},{"@type":"WebSite","@id":"https:\/\/www.all4integrity.org\/en\/#website","url":"https:\/\/www.all4integrity.org\/en\/","name":"ALL4INTEGRITY","description":"Mobiliza\u00e7\u00e3o e Solu\u00e7\u00f5es contra a Corrup\u00e7\u00e3o","publisher":{"@id":"https:\/\/www.all4integrity.org\/en\/#organization"},"potentialAction":[{"@type":"SearchAction","target":{"@type":"EntryPoint","urlTemplate":"https:\/\/www.all4integrity.org\/en\/?s={search_term_string}"},"query-input":{"@type":"PropertyValueSpecification","valueRequired":true,"valueName":"search_term_string"}}],"inLanguage":"en-US"},{"@type":"Organization","@id":"https:\/\/www.all4integrity.org\/en\/#organization","name":"All4Integrity","url":"https:\/\/www.all4integrity.org\/en\/","logo":{"@type":"ImageObject","inLanguage":"en-US","@id":"https:\/\/www.all4integrity.org\/en\/#\/schema\/logo\/image\/","url":"https:\/\/all4integrity.org\/wp-content\/uploads\/2022\/05\/logotipo-all4integrity-1.png","contentUrl":"https:\/\/all4integrity.org\/wp-content\/uploads\/2022\/05\/logotipo-all4integrity-1.png","width":600,"height":137,"caption":"All4Integrity"},"image":{"@id":"https:\/\/www.all4integrity.org\/en\/#\/schema\/logo\/image\/"},"sameAs":["https:\/\/www.facebook.com\/all4integrity\/","https:\/\/x.com\/All4Integrity","https:\/\/www.instagram.com\/all_4_integrity\/","https:\/\/www.youtube.com\/channel\/UC03HJFKiaCStfIHFnfdRbvA","https:\/\/www.linkedin.com\/company\/associao-all4integrity\/"]}]}},"_links":{"self":[{"href":"https:\/\/www.all4integrity.org\/en\/wp-json\/wp\/v2\/pages\/26523","targetHints":{"allow":["GET"]}}],"collection":[{"href":"https:\/\/www.all4integrity.org\/en\/wp-json\/wp\/v2\/pages"}],"about":[{"href":"https:\/\/www.all4integrity.org\/en\/wp-json\/wp\/v2\/types\/page"}],"author":[{"embeddable":true,"href":"https:\/\/www.all4integrity.org\/en\/wp-json\/wp\/v2\/users\/2"}],"replies":[{"embeddable":true,"href":"https:\/\/www.all4integrity.org\/en\/wp-json\/wp\/v2\/comments?post=26523"}],"version-history":[{"count":2,"href":"https:\/\/www.all4integrity.org\/en\/wp-json\/wp\/v2\/pages\/26523\/revisions"}],"predecessor-version":[{"id":33317,"href":"https:\/\/www.all4integrity.org\/en\/wp-json\/wp\/v2\/pages\/26523\/revisions\/33317"}],"wp:attachment":[{"href":"https:\/\/www.all4integrity.org\/en\/wp-json\/wp\/v2\/media?parent=26523"}],"curies":[{"name":"wp","href":"https:\/\/api.w.org\/{rel}","templated":true}]}}